{"id":7,"date":"2026-03-27T15:23:24","date_gmt":"2026-03-27T18:23:24","guid":{"rendered":"https:\/\/colinahomolog.com.br\/dev\/acao-contabilidade\/?page_id=7"},"modified":"2026-04-06T20:18:32","modified_gmt":"2026-04-06T23:18:32","slug":"pagina-em-construcao","status":"publish","type":"page","link":"https:\/\/acaocontabilidadern.com.br\/","title":{"rendered":"P\u00e1gina em constru\u00e7\u00e3o"},"content":{"rendered":"\t\t<div data-elementor-type=\"wp-post\" data-elementor-id=\"7\" class=\"elementor elementor-7\" data-elementor-post-type=\"page\">\n\t\t\t\t<div class=\"elementor-element elementor-element-59d6efb e-con-full e-flex e-con e-parent\" data-id=\"59d6efb\" data-element_type=\"container\" data-e-type=\"container\" data-settings=\"{&quot;background_background&quot;:&quot;classic&quot;}\">\n\t\t<div class=\"elementor-element elementor-element-0d02ab6 e-flex e-con-boxed e-con e-child\" data-id=\"0d02ab6\" data-element_type=\"container\" data-e-type=\"container\">\n\t\t\t\t\t<div class=\"e-con-inner\">\n\t\t<div class=\"elementor-element elementor-element-400288f e-con-full e-flex e-con e-child\" data-id=\"400288f\" data-element_type=\"container\" data-e-type=\"container\">\n\t\t\t\t<div class=\"elementor-element elementor-element-02a2016 elementor-widget elementor-widget-image\" data-id=\"02a2016\" data-element_type=\"widget\" data-e-type=\"widget\" data-widget_type=\"image.default\">\n\t\t\t\t\t\t\t\t\t\t\t\t\t\t\t<img decoding=\"async\" width=\"130\" height=\"44\" src=\"http:\/\/acaocontabilidadern.com.br\/wp-content\/uploads\/2026\/03\/logo-hero.svg\" class=\"attachment-large size-large wp-image-19\" alt=\"\" \/>\t\t\t\t\t\t\t\t\t\t\t\t\t\t\t<\/div>\n\t\t\t\t<div class=\"elementor-element elementor-element-d0b86c2 elementor-widget elementor-widget-heading\" data-id=\"d0b86c2\" data-element_type=\"widget\" data-e-type=\"widget\" data-widget_type=\"heading.default\">\n\t\t\t\t\t<h1 class=\"elementor-heading-title elementor-size-default\">Um site novinho est\u00e1 sendo constru\u00eddo<\/h1>\t\t\t\t<\/div>\n\t\t\t\t<div class=\"elementor-element elementor-element-b45e6b4 elementor-widget__width-initial elementor-widget elementor-widget-text-editor\" data-id=\"b45e6b4\" data-element_type=\"widget\" data-e-type=\"widget\" data-widget_type=\"text-editor.default\">\n\t\t\t\t\t\t\t\t\t<p>Em breve, uma nova experi\u00eancia para quem entende que contabilidade de verdade vai muito al\u00e9m dos n\u00fameros.<\/p>\t\t\t\t\t\t\t\t<\/div>\n\t\t\t\t<div class=\"elementor-element elementor-element-322d432 elementor-widget elementor-widget-heading\" data-id=\"322d432\" data-element_type=\"widget\" data-e-type=\"widget\" data-widget_type=\"heading.default\">\n\t\t\t\t\t<h2 class=\"elementor-heading-title elementor-size-default\">Enquanto isso, estamos dispon\u00edveis para conversar<\/h2>\t\t\t\t<\/div>\n\t\t<div class=\"elementor-element elementor-element-d2733a5 e-con-full e-flex e-con e-child\" data-id=\"d2733a5\" data-element_type=\"container\" data-e-type=\"container\">\n\t\t\t\t<div class=\"elementor-element elementor-element-4bfa5a2 e-transform elementor-widget elementor-widget-button\" data-id=\"4bfa5a2\" data-element_type=\"widget\" data-e-type=\"widget\" data-settings=\"{&quot;_transform_translateY_effect_hover&quot;:{&quot;unit&quot;:&quot;px&quot;,&quot;size&quot;:-8,&quot;sizes&quot;:[]},&quot;_transform_translateX_effect_hover&quot;:{&quot;unit&quot;:&quot;px&quot;,&quot;size&quot;:&quot;&quot;,&quot;sizes&quot;:[]},&quot;_transform_translateX_effect_hover_tablet&quot;:{&quot;unit&quot;:&quot;px&quot;,&quot;size&quot;:&quot;&quot;,&quot;sizes&quot;:[]},&quot;_transform_translateX_effect_hover_mobile&quot;:{&quot;unit&quot;:&quot;px&quot;,&quot;size&quot;:&quot;&quot;,&quot;sizes&quot;:[]},&quot;_transform_translateY_effect_hover_tablet&quot;:{&quot;unit&quot;:&quot;px&quot;,&quot;size&quot;:&quot;&quot;,&quot;sizes&quot;:[]},&quot;_transform_translateY_effect_hover_mobile&quot;:{&quot;unit&quot;:&quot;px&quot;,&quot;size&quot;:&quot;&quot;,&quot;sizes&quot;:[]}}\" data-widget_type=\"button.default\">\n\t\t\t\t\t\t\t\t\t\t<a class=\"elementor-button elementor-button-link elementor-size-sm\" href=\"https:\/\/api.whatsapp.com\/send\/?phone=558432112299\">\n\t\t\t\t\t\t<span class=\"elementor-button-content-wrapper\">\n\t\t\t\t\t\t<span class=\"elementor-button-icon\">\n\t\t\t\t<svg xmlns=\"http:\/\/www.w3.org\/2000\/svg\" width=\"15\" height=\"15\" viewBox=\"0 0 15 15\" fill=\"none\"><path d=\"M11.9062 3.06873C11.3333 2.48993 10.6507 2.03102 9.89852 1.71876C9.14631 1.4065 8.33945 1.24714 7.525 1.24998C4.1125 1.24998 1.33125 4.03123 1.33125 7.44373C1.33125 8.53748 1.61875 9.59998 2.15625 10.5375L1.28125 13.75L4.5625 12.8875C5.46875 13.3812 6.4875 13.6437 7.525 13.6437C10.9375 13.6437 13.7188 10.8625 13.7188 7.44998C13.7188 5.79373 13.075 4.23748 11.9062 3.06873ZM7.525 12.5937C6.6 12.5937 5.69375 12.3437 4.9 11.875L4.7125 11.7625L2.7625 12.275L3.28125 10.375L3.15625 10.1812C2.64234 9.36058 2.36946 8.412 2.36875 7.44373C2.36875 4.60623 4.68125 2.29373 7.51875 2.29373C8.89375 2.29373 10.1875 2.83123 11.1562 3.80623C11.6359 4.2837 12.0161 4.85164 12.2746 5.47712C12.5332 6.10259 12.665 6.77317 12.6625 7.44998C12.675 10.2875 10.3625 12.5937 7.525 12.5937ZM10.35 8.74373C10.1937 8.66873 9.43125 8.29373 9.29375 8.23748C9.15 8.18748 9.05 8.16248 8.94375 8.31248C8.8375 8.46873 8.54375 8.81873 8.45625 8.91873C8.36875 9.02498 8.275 9.03748 8.11875 8.95623C7.9625 8.88123 7.4625 8.71248 6.875 8.18748C6.4125 7.77498 6.10625 7.26873 6.0125 7.11248C5.925 6.95623 6 6.87498 6.08125 6.79373C6.15 6.72498 6.2375 6.61248 6.3125 6.52498C6.3875 6.43748 6.41875 6.36873 6.46875 6.26873C6.51875 6.16248 6.49375 6.07498 6.45625 5.99998C6.41875 5.92498 6.10625 5.16248 5.98125 4.84998C5.85625 4.54998 5.725 4.58748 5.63125 4.58123H5.33125C5.225 4.58123 5.0625 4.61873 4.91875 4.77498C4.78125 4.93123 4.38125 5.30623 4.38125 6.06873C4.38125 6.83123 4.9375 7.56873 5.0125 7.66873C5.0875 7.77498 6.10625 9.33748 7.65625 10.0062C8.025 10.1687 8.3125 10.2625 8.5375 10.3312C8.90625 10.45 9.24375 10.4312 9.5125 10.3937C9.8125 10.35 10.4312 10.0187 10.5562 9.65623C10.6875 9.29373 10.6875 8.98748 10.6438 8.91873C10.6 8.84998 10.5062 8.81873 10.35 8.74373Z\" fill=\"url(#paint0_linear_2_60)\"><\/path><defs><linearGradient id=\"paint0_linear_2_60\" x1=\"19.6482\" y1=\"16.7866\" x2=\"2.46267\" y2=\"-0.287551\" gradientUnits=\"userSpaceOnUse\"><stop stop-color=\"#FCCB00\"><\/stop><stop offset=\"0.5\" stop-color=\"#C9961A\"><\/stop><stop offset=\"1\" stop-color=\"#FFFAD2\"><\/stop><\/linearGradient><\/defs><\/svg>\t\t\t<\/span>\n\t\t\t\t\t\t\t\t\t<span class=\"elementor-button-text\">(84) 3211-2299<\/span>\n\t\t\t\t\t<\/span>\n\t\t\t\t\t<\/a>\n\t\t\t\t\t\t\t\t<\/div>\n\t\t\t\t<div class=\"elementor-element elementor-element-942cabd e-transform elementor-widget elementor-widget-button\" data-id=\"942cabd\" data-element_type=\"widget\" data-e-type=\"widget\" data-settings=\"{&quot;_transform_translateY_effect_hover&quot;:{&quot;unit&quot;:&quot;px&quot;,&quot;size&quot;:-8,&quot;sizes&quot;:[]},&quot;_transform_translateX_effect_hover&quot;:{&quot;unit&quot;:&quot;px&quot;,&quot;size&quot;:&quot;&quot;,&quot;sizes&quot;:[]},&quot;_transform_translateX_effect_hover_tablet&quot;:{&quot;unit&quot;:&quot;px&quot;,&quot;size&quot;:&quot;&quot;,&quot;sizes&quot;:[]},&quot;_transform_translateX_effect_hover_mobile&quot;:{&quot;unit&quot;:&quot;px&quot;,&quot;size&quot;:&quot;&quot;,&quot;sizes&quot;:[]},&quot;_transform_translateY_effect_hover_tablet&quot;:{&quot;unit&quot;:&quot;px&quot;,&quot;size&quot;:&quot;&quot;,&quot;sizes&quot;:[]},&quot;_transform_translateY_effect_hover_mobile&quot;:{&quot;unit&quot;:&quot;px&quot;,&quot;size&quot;:&quot;&quot;,&quot;sizes&quot;:[]}}\" data-widget_type=\"button.default\">\n\t\t\t\t\t\t\t\t\t\t<a class=\"elementor-button elementor-button-link elementor-size-sm\" href=\"mailto:administrativo@acaocontabilnatal.com.br\">\n\t\t\t\t\t\t<span class=\"elementor-button-content-wrapper\">\n\t\t\t\t\t\t<span class=\"elementor-button-icon\">\n\t\t\t\t<svg xmlns=\"http:\/\/www.w3.org\/2000\/svg\" width=\"18\" height=\"18\" viewBox=\"0 0 18 18\" fill=\"none\"><path d=\"M2.25 6L6.33744 8.72496C7.29971 9.36647 7.78085 9.68723 8.30088 9.81185C8.76046 9.92198 9.23954 9.92198 9.69912 9.81185C10.2192 9.68723 10.7003 9.36647 11.6626 8.72496L15.75 6M4.65 14.25H13.35C14.1901 14.25 14.6101 14.25 14.931 14.0865C15.2132 13.9427 15.4427 13.7132 15.5865 13.431C15.75 13.1101 15.75 12.6901 15.75 11.85V6.15C15.75 5.30992 15.75 4.88988 15.5865 4.56901C15.4427 4.28677 15.2132 4.0573 14.931 3.91349C14.6101 3.75 14.1901 3.75 13.35 3.75H4.65C3.80992 3.75 3.38988 3.75 3.06901 3.91349C2.78677 4.0573 2.5573 4.28677 2.41349 4.56901C2.25 4.88988 2.25 5.30992 2.25 6.15V11.85C2.25 12.6901 2.25 13.1101 2.41349 13.431C2.5573 13.7132 2.78677 13.9427 3.06901 14.0865C3.38988 14.25 3.80992 14.25 4.65 14.25Z\" stroke=\"url(#paint0_linear_2_77)\" stroke-width=\"0.8\" stroke-linecap=\"round\" stroke-linejoin=\"round\"><\/path><defs><linearGradient id=\"paint0_linear_2_77\" x1=\"22.1859\" y1=\"16.8008\" x2=\"8.18896\" y2=\"-1.16868\" gradientUnits=\"userSpaceOnUse\"><stop stop-color=\"#FCCB00\"><\/stop><stop offset=\"0.5\" stop-color=\"#C9961A\"><\/stop><stop offset=\"1\" stop-color=\"#FFFAD2\"><\/stop><\/linearGradient><\/defs><\/svg>\t\t\t<\/span>\n\t\t\t\t\t\t\t\t\t<span class=\"elementor-button-text\">administrativo@acaocontabilnatal.com.br<\/span>\n\t\t\t\t\t<\/span>\n\t\t\t\t\t<\/a>\n\t\t\t\t\t\t\t\t<\/div>\n\t\t\t\t<\/div>\n\t\t\t\t<\/div>\n\t\t\t\t\t<\/div>\n\t\t\t\t<\/div>\n\t\t\t\t<\/div>\n\t\t\t\t<\/div>\n\t\t","protected":false},"excerpt":{"rendered":"<p>Um site novinho est\u00e1 sendo constru\u00eddo Em breve, uma nova experi\u00eancia para quem entende que contabilidade de verdade vai muito al\u00e9m dos n\u00fameros. Enquanto isso, estamos dispon\u00edveis para conversar (84) 3211-2299 administrativo@acaocontabilnatal.com.br<\/p>\n","protected":false},"author":1,"featured_media":0,"parent":0,"menu_order":0,"comment_status":"closed","ping_status":"closed","template":"","meta":{"footnotes":""},"class_list":["post-7","page","type-page","status-publish","hentry"],"_links":{"self":[{"href":"https:\/\/acaocontabilidadern.com.br\/index.php\/wp-json\/wp\/v2\/pages\/7","targetHints":{"allow":["GET"]}}],"collection":[{"href":"https:\/\/acaocontabilidadern.com.br\/index.php\/wp-json\/wp\/v2\/pages"}],"about":[{"href":"https:\/\/acaocontabilidadern.com.br\/index.php\/wp-json\/wp\/v2\/types\/page"}],"author":[{"embeddable":true,"href":"https:\/\/acaocontabilidadern.com.br\/index.php\/wp-json\/wp\/v2\/users\/1"}],"replies":[{"embeddable":true,"href":"https:\/\/acaocontabilidadern.com.br\/index.php\/wp-json\/wp\/v2\/comments?post=7"}],"version-history":[{"count":29,"href":"https:\/\/acaocontabilidadern.com.br\/index.php\/wp-json\/wp\/v2\/pages\/7\/revisions"}],"predecessor-version":[{"id":49,"href":"https:\/\/acaocontabilidadern.com.br\/index.php\/wp-json\/wp\/v2\/pages\/7\/revisions\/49"}],"wp:attachment":[{"href":"https:\/\/acaocontabilidadern.com.br\/index.php\/wp-json\/wp\/v2\/media?parent=7"}],"curies":[{"name":"wp","href":"https:\/\/api.w.org\/{rel}","templated":true}]}}